{"id":50,"date":"2016-05-16T20:05:11","date_gmt":"2016-05-16T18:05:11","guid":{"rendered":"http:\/\/www.mbfatimska.plock.opoka.org.pl\/?page_id=50"},"modified":"2024-07-28T17:37:23","modified_gmt":"2024-07-28T15:37:23","slug":"wspolnota-krwi-chrystusa","status":"publish","type":"page","link":"http:\/\/www.mbfatimska.plock.opoka.org.pl\/index.php\/wspolnota-krwi-chrystusa\/","title":{"rendered":"Wsp\u00f3lnota Krwi Chrystusa"},"content":{"rendered":"<p><strong>&#8222;B\u0142ogos\u0142awiona Krew Jezusowa&#8221; &#8211;<\/strong><\/p>\n<p>&#8211; Takie jest nasze powitanie, na kt\u00f3re odpowiadamy: &#8222;Na wieki B\u0142ogos\u0142awiona&#8221;.<\/p>\n<p style=\"text-align: justify;\">Wsp\u00f3lnota Krwi Chrystusa jest duchow\u0105 rodzin\u0105 skupiaj\u0105c\u0105 osoby \u015bwieckie i zakonne, kt\u00f3re zobowi\u0105zuj\u0105 si\u0119 pog\u0142\u0119bia\u0107 duchowo\u015b\u0107 Przenajdro\u017cszej Krwi Chrystusa i \u017cy\u0107 Ni\u0105. Pan Jezus odkupi\u0142 nas wszystkich swoj\u0105 Krwi\u0105 i dlatego naszym zadaniem jest uwielbia\u0107 i adorowa\u0107 Chrystusa Ukrzy\u017cowanego. Chrystus ratuje nas nie srebrem, nie z\u0142otem, ale przez mi\u0142o\u015b\u0107, ofiarno\u015b\u0107, przez dawanie w\u0142asnego \u017cycia. Po\u015bwi\u0119ca Samego Siebie.<\/p>\n<p style=\"text-align: justify;\">Cz\u0142owiek wraz ze swoim charakterem i osobowo\u015bci\u0105 zosta\u0142 stworzony na obraz i podobie\u0144stwo Boga w Tr\u00f3jcy Jedynego. B\u00f3g &#8211; Mi\u0142o\u015b\u0107 nie mo\u017ce by\u0107 samotny. Jest wsp\u00f3lnot\u0105, jest w Tr\u00f3jcy Jedyny, czyli jest obecny w jedno\u015bci i wsp\u00f3lnocie.<\/p>\n<p style=\"text-align: justify;\">G\u0142\u00f3wnym zadaniem ruchu jest formacja duchowa jego cz\u0142onk\u00f3w, kt\u00f3ra powinna wp\u0142ywa\u0107 na otoczenie; przede wszystkim w rodzinie, ale r\u00f3wnie\u017c w miejscu pracy, parafii. Formacja ta odbywa si\u0119 w czasie rekolekcji i skupie\u0144 w Domu Misyjnym, a tak\u017ce podczas spotka\u0144 w parafii i diecezji.<\/p>\n<p>Wsp\u00f3lnota taka powstaje na terenie parafii tylko i wy\u0142\u0105cznie za zgod\u0105 Ksi\u0119dza Proboszcza kt\u00f3ry aprobuje odpowiedzialnych na terenie parafii.<\/p>\n<p><img loading=\"lazy\" class=\"size-medium wp-image-141 aligncenter\" src=\"http:\/\/www.mbfatimska.plock.opoka.org.pl\/wp-content\/uploads\/2016\/06\/sw_kasper-192x300.jpg\" alt=\"sw_kasper\" width=\"192\" height=\"300\" srcset=\"http:\/\/www.mbfatimska.plock.opoka.org.pl\/wp-content\/uploads\/2016\/06\/sw_kasper-192x300.jpg 192w, http:\/\/www.mbfatimska.plock.opoka.org.pl\/wp-content\/uploads\/2016\/06\/sw_kasper.jpg 235w\" sizes=\"(max-width: 192px) 85vw, 192px\" \/><\/p>\n<p style=\"text-align: justify;\">Pierwszy etap rozwoju Wsp\u00f3lnoty zaczyna si\u0119 na Golgocie. Bractwo Najdro\u017cszej Krwi zosta\u0142o za\u0142o\u017cone 8 grudnia 1808 r w Rzymie przez Ksi\u0119dza Franciszka Albertniego wraz ze \u015aw. Kasprem . Zosta\u0142o Ono zatwierdzone przez papie\u017ca Piusa VII, podniesione do godno\u015bci Arcybractwa i obdarzone wieloma odpustami, aby jak najwi\u0119cej wiernych t\u0119 &#8222;Cen\u0119 Odkupienia&#8221; uczy\u0142o si\u0119 kocha\u0107 i czci\u0107. Aby u\u0142atwi\u0107 szerzenie tej Wsp\u00f3lnoty Ksi\u0105dz Jan Merlini przekszta\u0142ci\u0142 to Arcybractwo na &#8222;Pobo\u017cne Stowarzyszenie&#8221;, kt\u00f3re dzisiaj nazywamy Wsp\u00f3lnot\u0105 Krwi Chrystusa. Wsp\u00f3lnota jako ruch dla \u015bwieckich w Ko\u015bciele Katolickim rozpocz\u0119\u0142a swoj\u0105 dzia\u0142alno\u015b\u0107 w Polsce akurat w czasie stanu wojennego. Wtedy ca\u0142y nar\u00f3d pragn\u0105\u0142 wolno\u015bci i godno\u015bci &#8211; gotowy p\u0142aci\u0107 za to w\u0142asn\u0105 krwi\u0105. Uszy i serca otwarte by\u0142y dla duchowo\u015bci p\u0142yn\u0105cej z otwartych ran Ukrzy\u017cowanego Pana. Pierwszy etap charakteryzuje si\u0119 nowym do\u015bwiadczeniem poprzez \u017cycie w codzienno\u015bci S\u0142owem \u017bycia; tj. wybranym wersetem z Pisma \u015awi\u0119tego i rozwa\u017canym we w\u0142asnym sercu.<\/p>\n<p style=\"text-align: justify;\">Drugi etap to czas budowania Dom\u00f3w i struktur naszej Wsp\u00f3lnoty w Polsce. Etapem trwaj\u0105cym w tej chwili jest przyj\u0119cie charyzmat\u00f3w Ducha \u015awi\u0119tego, w kt\u00f3rym jakby\u015bmy na nowo odkryli i g\u0142\u0119biej poznali nasz w\u0142asny charyzmat &#8222;Krew Chrystusa&#8221;. Nasza Wsp\u00f3lnota nie jest Wsp\u00f3lnot\u0105 charyzmatyczn\u0105, ale Duch \u015awi\u0119ty udziela charyzmat\u00f3w wszystkim dla budowania Wsp\u00f3lnot i Ko\u015bcio\u0142a.<\/p>\n<p><img loading=\"lazy\" class=\"aligncenter wp-image-2034 size-full\" src=\"http:\/\/www.mbfatimska.plock.opoka.org.pl\/wp-content\/uploads\/2020\/08\/maryja4c.jpg\" alt=\"\" width=\"243\" height=\"373\" srcset=\"http:\/\/www.mbfatimska.plock.opoka.org.pl\/wp-content\/uploads\/2020\/08\/maryja4c.jpg 243w, http:\/\/www.mbfatimska.plock.opoka.org.pl\/wp-content\/uploads\/2020\/08\/maryja4c-195x300.jpg 195w\" sizes=\"(max-width: 243px) 85vw, 243px\" \/><\/p>\n<p style=\"text-align: justify;\">Do Wsp\u00f3lnoty mo\u017cna nale\u017ce\u0107 indywidualnie lub modli\u0107 si\u0119 w grupie. Ka\u017cdy chrze\u015bcijanin mo\u017ce zapisa\u0107 si\u0119 do WKC i uczestniczy\u0107 indywidualnie w tej duchowej rodzinie. Nie jest wtedy zobowi\u0105zany do udzia\u0142u w spotkaniach, ale jest zobowi\u0105zany do og\u00f3lnej gotowo\u015bci \u017cycia wed\u0142ug duchowo\u015bci Krwi Chrystusa.<\/p>\n<p style=\"text-align: justify;\">Wsp\u00f3lnota modlitwy to grupa os\u00f3b mieszkaj\u0105cych blisko siebie, kt\u00f3rzy spotykaj\u0105 si\u0119 co tydzie\u0144 w domu jednego z cz\u0142onk\u00f3w na wsp\u00f3lnej modlitwie. Obecno\u015b\u0107 Jezusa w\u015br\u00f3d nich czyni mieszkanie Domem Bo\u017cym i u\u015bwi\u0119ca \u017cycie s\u0105siedzkie. Cz\u0142onkowie wsp\u00f3lnoty modlitwy kt\u00f3rzy pragn\u0105 dodatkowo anga\u017cowa\u0107 si\u0119 w apostolstwie Ko\u015bcio\u0142a mog\u0105 prosi\u0107 o przyj\u0119cie do Wsp\u00f3lnoty Misyjnej Krwi Chrystusa. Apostolstwo ka\u017cdego chrze\u015bcijanina zaczyna si\u0119 we w\u0142asnej rodzinie, na miejscu pracy, szkole, we w\u0142asnej parafii. Przyk\u0142ad \u017cycia: rado\u015b\u0107 i pok\u00f3j serca s\u0105 najwymowniejszym g\u0142oszeniem Ewangelii Chrystusa. Nasze apostolstwo mo\u017cemy realizowa\u0107 poprzez pomoc Chrystusowi. Chrystus tak\u017ce dzisiaj potrzebuje pomocnik\u00f3w: ludzi, kt\u00f3rzy po\u015bwi\u0119caj\u0105 czas, si\u0142y, talenty, wyobra\u017ani\u0119, rado\u015b\u0107 i cierpienie dla niesienia \u015bwiatu Bo\u017cej mi\u0142o\u015bci. Pomoc wzajemn\u0105, Misjonarzom, potrzebuj\u0105cym i pomoc ludziom dobrej woli. Centrum naszego Ruchu znajduje si\u0119 przy Sanktuarium Krwi Chrystusa w Cz\u0119stochowie, jest tam tak\u017ce intronizowana Relikwia Krwi Chrystusa z Golgoty. Nasza Diecezja utrzymuje kontakt z najbli\u017cszym Domem Misyjnym &#8211; w O\u017carowie Mazowieckim.<\/p>\n<p style=\"text-align: justify;\">Osoby zainteresowane Wsp\u00f3lnot\u0105 zapraszamy na spotkanie &#8211; adoracj\u0119 Naj\u015bwi\u0119tszego Sakramentu w ka\u017cd\u0105 sobot\u0119 o godz. 7:30.<\/p>\n<p style=\"text-align: justify;\">Misjonarze Krwi Chrystusa dzia\u0142aj\u0105 w Polsce od 1980 roku. Powsta\u0142 przy nich ruch \u015bwieckich &#8211; &#8222;Wsp\u00f3lnota Krwi Chrystusa&#8221;. Za\u0142o\u017cycielem jest \u015aw. Kasper del Bufalo &#8211; Aposto\u0142 Przenajdro\u017cszej Krwi. Wszyscy wsp\u00f3lnie staraj\u0105 si\u0119 o odnow\u0119 Ko\u015bcio\u0142a przez \u017cycie wed\u0142ug Ewangelii, a szczeg\u00f3lnie przez formacj\u0119 duchow\u0105 i s\u0142u\u017cb\u0119 charytatywn\u0105. Do Wsp\u00f3lnoty Krwi Chrystusa mo\u017ce nale\u017ce\u0107 ka\u017cdy, nikt nie jest za stary, ani za chory, aby si\u0119 nawr\u00f3ci\u0107, by da\u0107 sw\u00f3j wk\u0142ad, by ofiarowa\u0107 chocia\u017c kropelk\u0119 z w\u0142asnego serca, razem z Krwi\u0105 Chrystusa, dla przemiany i ratowania naszych bli\u017anich, naszego Ko\u015bcio\u0142a, naszego \u015bwiata. Wsp\u00f3lnota skupia wszystkie stany: m\u0119\u017cczyzn, kobiety, m\u0142odzie\u017c i dzieci.<\/p>\n<p><img loading=\"lazy\" class=\"aligncenter wp-image-2035 size-full\" src=\"http:\/\/www.mbfatimska.plock.opoka.org.pl\/wp-content\/uploads\/2020\/08\/sw_kasper1c.jpg\" alt=\"\" width=\"249\" height=\"380\" srcset=\"http:\/\/www.mbfatimska.plock.opoka.org.pl\/wp-content\/uploads\/2020\/08\/sw_kasper1c.jpg 249w, http:\/\/www.mbfatimska.plock.opoka.org.pl\/wp-content\/uploads\/2020\/08\/sw_kasper1c-197x300.jpg 197w\" sizes=\"(max-width: 249px) 85vw, 249px\" \/><\/p>\n<p style=\"text-align: justify;\">Od samego pocz\u0105tku powstania parafii, tj. od 1991 roku, istnieje tu Wsp\u00f3lnota Krwi Chrystusa, kt\u00f3rej opiekunem jest ks. proboszcz. Aby pog\u0142\u0119bi\u0107 mi\u0142o\u015b\u0107 do Krwi Chrystusa i jedno\u015b\u0107 z ca\u0142ym Ko\u015bcio\u0142em, za zgod\u0105 ks. proboszcza &#8211; Wsp\u00f3lnota spotyka si\u0119 w naszej parafii raz w tygodniu na adoracji Naj\u015bwi\u0119tszego Sakramentu (sobota godz. 7:30 &#8211; 8:15), na kt\u00f3r\u0105 s\u0105 zaproszeni nie tylko cz\u0142onkowie, ale tak\u017ce wszyscy ch\u0119tni. W naszej parafii Wsp\u00f3lnota pomaga r\u00f3wnie\u017c przy wsp\u00f3lnym sprz\u0105taniu ko\u015bcio\u0142a.<\/p>\n<p><a href=\"http:\/\/www.mbfatimska.plock.opoka.org.pl\/wp-content\/uploads\/2020\/08\/wkc1c.jpg\" rel=\"lightbox[50]\"><img loading=\"lazy\" class=\"aligncenter wp-image-2037 size-medium\" src=\"http:\/\/www.mbfatimska.plock.opoka.org.pl\/wp-content\/uploads\/2020\/08\/wkc1c-300x212.jpg\" alt=\"\" width=\"300\" height=\"212\" srcset=\"http:\/\/www.mbfatimska.plock.opoka.org.pl\/wp-content\/uploads\/2020\/08\/wkc1c-300x212.jpg 300w, http:\/\/www.mbfatimska.plock.opoka.org.pl\/wp-content\/uploads\/2020\/08\/wkc1c-768x542.jpg 768w, http:\/\/www.mbfatimska.plock.opoka.org.pl\/wp-content\/uploads\/2020\/08\/wkc1c.jpg 875w\" sizes=\"(max-width: 300px) 85vw, 300px\" \/><\/a><br \/>\n<a href=\"http:\/\/www.mbfatimska.plock.opoka.org.pl\/wp-content\/uploads\/2020\/08\/wkc2c.jpg\" rel=\"lightbox[50]\"><img loading=\"lazy\" class=\"aligncenter wp-image-2038 size-medium\" src=\"http:\/\/www.mbfatimska.plock.opoka.org.pl\/wp-content\/uploads\/2020\/08\/wkc2c-300x213.jpg\" alt=\"\" width=\"300\" height=\"213\" srcset=\"http:\/\/www.mbfatimska.plock.opoka.org.pl\/wp-content\/uploads\/2020\/08\/wkc2c-300x213.jpg 300w, http:\/\/www.mbfatimska.plock.opoka.org.pl\/wp-content\/uploads\/2020\/08\/wkc2c-768x544.jpg 768w, http:\/\/www.mbfatimska.plock.opoka.org.pl\/wp-content\/uploads\/2020\/08\/wkc2c.jpg 871w\" sizes=\"(max-width: 300px) 85vw, 300px\" \/><\/a><\/p>\n","protected":false},"excerpt":{"rendered":"<p>&#8222;B\u0142ogos\u0142awiona Krew Jezusowa&#8221; &#8211; &#8211; Takie jest nasze powitanie, na kt\u00f3re odpowiadamy: &#8222;Na wieki B\u0142ogos\u0142awiona&#8221;. Wsp\u00f3lnota Krwi Chrystusa jest duchow\u0105 rodzin\u0105 skupiaj\u0105c\u0105 osoby \u015bwieckie i zakonne, kt\u00f3re zobowi\u0105zuj\u0105 si\u0119 pog\u0142\u0119bia\u0107 duchowo\u015b\u0107 Przenajdro\u017cszej Krwi Chrystusa i \u017cy\u0107 Ni\u0105. Pan Jezus odkupi\u0142 nas wszystkich swoj\u0105 Krwi\u0105 i dlatego naszym zadaniem jest uwielbia\u0107 i adorowa\u0107 Chrystusa Ukrzy\u017cowanego. Chrystus &hellip; <a href=\"http:\/\/www.mbfatimska.plock.opoka.org.pl\/index.php\/wspolnota-krwi-chrystusa\/\" class=\"more-link\">Czytaj dalej<span class=\"screen-reader-text\"> \u201eWsp\u00f3lnota Krwi Chrystusa\u201d<\/span><\/a><\/p>\n","protected":false},"author":1,"featured_media":0,"parent":0,"menu_order":0,"comment_status":"closed","ping_status":"closed","template":"","meta":[],"_links":{"self":[{"href":"http:\/\/www.mbfatimska.plock.opoka.org.pl\/index.php\/wp-json\/wp\/v2\/pages\/50"}],"collection":[{"href":"http:\/\/www.mbfatimska.plock.opoka.org.pl\/index.php\/wp-json\/wp\/v2\/pages"}],"about":[{"href":"http:\/\/www.mbfatimska.plock.opoka.org.pl\/index.php\/wp-json\/wp\/v2\/types\/page"}],"author":[{"embeddable":true,"href":"http:\/\/www.mbfatimska.plock.opoka.org.pl\/index.php\/wp-json\/wp\/v2\/users\/1"}],"replies":[{"embeddable":true,"href":"http:\/\/www.mbfatimska.plock.opoka.org.pl\/index.php\/wp-json\/wp\/v2\/comments?post=50"}],"version-history":[{"count":7,"href":"http:\/\/www.mbfatimska.plock.opoka.org.pl\/index.php\/wp-json\/wp\/v2\/pages\/50\/revisions"}],"predecessor-version":[{"id":3795,"href":"http:\/\/www.mbfatimska.plock.opoka.org.pl\/index.php\/wp-json\/wp\/v2\/pages\/50\/revisions\/3795"}],"wp:attachment":[{"href":"http:\/\/www.mbfatimska.plock.opoka.org.pl\/index.php\/wp-json\/wp\/v2\/media?parent=50"}],"curies":[{"name":"wp","href":"https:\/\/api.w.org\/{rel}","templated":true}]}}