{"id":45,"date":"2016-05-16T15:56:13","date_gmt":"2016-05-16T13:56:13","guid":{"rendered":"http:\/\/www.mbfatimska.plock.opoka.org.pl\/?page_id=45"},"modified":"2024-07-28T17:25:11","modified_gmt":"2024-07-28T15:25:11","slug":"legion-maryi","status":"publish","type":"page","link":"http:\/\/www.mbfatimska.plock.opoka.org.pl\/index.php\/legion-maryi\/","title":{"rendered":"Legion Maryi"},"content":{"rendered":"<p style=\"text-align: justify;\">Legion Maryi jest stowarzyszeniem katolik\u00f3w, kt\u00f3rzy za zgod\u0105 Ko\u015bcio\u0142a zwi\u0105zali si\u0119 w grup\u0119 bojow\u0105 pod przemo\u017cnym przewodnictwem Maryi Niepokalanej. Legion Maryi powsta\u0142 w Dublinie w Irlandii 7 wrze\u015bnia 1921 roku w przeddzie\u0144 \u015bwi\u0119ta Narodzenia NMP.<\/p>\n<p style=\"text-align: justify;\">Celem Legionu Maryi jest u\u015bwi\u0119cenie jego cz\u0142onk\u00f3w poprzez modlitw\u0119 i czynn\u0105 wsp\u00f3\u0142prac\u0119 w dziele Maryi i Ko\u015bcio\u0142a pod przewodnictwem kap\u0142a\u0144skim.<\/p>\n<p style=\"text-align: justify;\">Legion Rzymski, od kt\u00f3rego nasz Legion wzi\u0105\u0142 sw\u0105 nazw\u0119 jest po dzi\u015b dzie\u0144 s\u0142awny ze swej wierno\u015bci, wytrwa\u0142o\u015bci i karno\u015bci, ze swego m\u0119stwa i sukces\u00f3w. Legion wzywa do s\u0142u\u017cby nieograniczonej i bez zastrze\u017ce\u0144&#8230; Legion wymaga od ka\u017cdej grupy i ka\u017cdego cz\u0142onka postawy nie poddawania si\u0119 kryzysom. Pierwotnym obowi\u0105zkiem Legionu jest dawanie dobrego przyk\u0142adu i praca dla pog\u0142\u0119bienia czci Bogurodzicy, Legion umie to osi\u0105gn\u0105\u0107 jedynie przez swoich cz\u0142onk\u00f3w. W atmosferze odznaczaj\u0105cej si\u0119 pobo\u017cnym obyczajem i duchem \u017cyczliwego braterstwa, co jest skutkiem licznych modlitw, odbywa Prezydium swoje tygodniowe spotkanie. Na zebraniu tym przydzielone zostaje Legioni\u015bcie jego zadanie. Ka\u017cdy cz\u0142onek sk\u0142ada swoje sprawozdanie z dokonanej pracy&#8230; Zebranie&#8230; jest jakby \u017ar\u00f3d\u0142em&#8230; jest \u0107wiczeniem si\u0119 we wsp\u00f3lnocie, w po\u015brodku kt\u00f3rego przebywa NIEWIDZIALNY zgodnie ze sw\u0105 zapowiedzi\u0105&#8230; Dlatego legioni\u015bci maj\u0105 uwa\u017ca\u0107 uczestnictwo w cotygodniowych zebraniach jako sw\u00f3j pierwszy i \u015bwi\u0119ty obowi\u0105zek.<\/p>\n<p style=\"text-align: justify;\">Cz\u0142owiekiem legend\u0105 i to nie tylko ze wzgl\u0119du na wiek-ponad 92 lata, nie tylko na drog\u0119 \u017cyciow\u0105- \u017co\u0142nierz wrze\u015bnia 1939r., wi\u0119zie\u0144 Kozielska, lotnik PSZ na Zachodzie, organizator Legionu Maryi w latach 1947-1948 w Ostr\u00f3dzie, miejscowo\u015bci nieopodal Gietrzwa\u0142du &#8211; gdzie ukazywa\u0142a si\u0119 Matka Boska, jest brat Anatol Kaszczuk. Mogli\u015bmy pozna\u0107 go osobi\u015bcie w trakcie Acies Legionu Maryi w parafii \u015bw. Kazimierza w Warszawie (6 kwietnia 2002r.). Brat Anatol siedzia\u0142 w trakcie uroczysto\u015bci prosto i po wojskowemu. Wypowiada\u0142 si\u0119 z ogromn\u0105 swad\u0105, \u017cyczliwo\u015bci\u0105, zwi\u0119\u017ale i jasno. Ze wzgl\u0119du na sw\u00f3j wiek i dzia\u0142alno\u015b\u0107 w Legionie jest godnym na\u015bladowania.<\/p>\n<p style=\"text-align: justify;\">Legion Maryi zaprzesta\u0142 dzia\u0142alno\u015bci w Polsce w latach pi\u0119\u0107dziesi\u0105tych. Powt\u00f3rnie dzia\u0142a od 1979 roku. Obecnie liczy kilkaset prezydi\u00f3w skupiaj\u0105cych wiele tysi\u0119cy cz\u0142onk\u00f3w. Na ca\u0142ym \u015bwiecie dzia\u0142a w ponad stu krajach i liczy kilkana\u015bcie milion\u00f3w cz\u0142onk\u00f3w. W P\u0142ocku opr\u00f3cz naszej Parafii dzia\u0142a w parafiach \u015bw. Ducha, w Farze, \u015bw. Wojciecha, w S\u0142upnie (\u015bw. Marcina) oraz w parafii \u015bw. Jakuba w Imielnicy. W naszym Prezydium Matki Bo\u017cej Fatimskiej jest 7 cz\u0142onk\u00f3w czynnych i 31 pomocniczych. Dzia\u0142amy na chwa\u0142\u0119 Bo\u017c\u0105 i dla w\u0142asnego u\u015bwi\u0119cenia. Staramy si\u0119 wspiera\u0107 wzajemnie i wspiera\u0107 innych modlitw\u0105 i pracami. Prowadzimy Apostolstwo Cudownego Medalika.<\/p>\n<figure id=\"attachment_2017\" aria-describedby=\"caption-attachment-2017\" style=\"width: 735px\" class=\"wp-caption aligncenter\"><img loading=\"lazy\" class=\"wp-image-2017 size-full\" src=\"http:\/\/www.mbfatimska.plock.opoka.org.pl\/wp-content\/uploads\/2020\/08\/cudowny_medalik1.jpg\" alt=\"\" width=\"735\" height=\"510\" srcset=\"http:\/\/www.mbfatimska.plock.opoka.org.pl\/wp-content\/uploads\/2020\/08\/cudowny_medalik1.jpg 735w, http:\/\/www.mbfatimska.plock.opoka.org.pl\/wp-content\/uploads\/2020\/08\/cudowny_medalik1-300x208.jpg 300w\" sizes=\"(max-width: 735px) 85vw, 735px\" \/><figcaption id=\"caption-attachment-2017\" class=\"wp-caption-text\">Medalik mo\u017cna otrzyma\u0107 w naszym parafialnym kiosku.<\/figcaption><\/figure>\n<p style=\"text-align: justify;\">Legion Maryi w naszej parafii istnieje od pa\u017adziernika 2001r. Nosi nazw\u0119 Prezydium Matki Bo\u017cej Fatimskiej. Opiekunem jest ks. proboszcz &#8211; ks. Bartosz Szostak. Spotykamy si\u0119 w ka\u017cd\u0105 \u015brod\u0119 po wsp\u00f3lnej Mszy \u015awi\u0119tej o godz. 18:00 w salce przy zakrystii.<\/p>\n<p><img loading=\"lazy\" class=\"aligncenter wp-image-2004 size-full\" src=\"http:\/\/www.mbfatimska.plock.opoka.org.pl\/wp-content\/uploads\/2020\/08\/mbfatimska1.jpg\" alt=\"\" width=\"305\" height=\"449\" srcset=\"http:\/\/www.mbfatimska.plock.opoka.org.pl\/wp-content\/uploads\/2020\/08\/mbfatimska1.jpg 305w, http:\/\/www.mbfatimska.plock.opoka.org.pl\/wp-content\/uploads\/2020\/08\/mbfatimska1-204x300.jpg 204w\" sizes=\"(max-width: 305px) 85vw, 305px\" \/><\/p>\n","protected":false},"excerpt":{"rendered":"<p>Legion Maryi jest stowarzyszeniem katolik\u00f3w, kt\u00f3rzy za zgod\u0105 Ko\u015bcio\u0142a zwi\u0105zali si\u0119 w grup\u0119 bojow\u0105 pod przemo\u017cnym przewodnictwem Maryi Niepokalanej. Legion Maryi powsta\u0142 w Dublinie w Irlandii 7 wrze\u015bnia 1921 roku w przeddzie\u0144 \u015bwi\u0119ta Narodzenia NMP. Celem Legionu Maryi jest u\u015bwi\u0119cenie jego cz\u0142onk\u00f3w poprzez modlitw\u0119 i czynn\u0105 wsp\u00f3\u0142prac\u0119 w dziele Maryi i Ko\u015bcio\u0142a pod przewodnictwem kap\u0142a\u0144skim. &hellip; <a href=\"http:\/\/www.mbfatimska.plock.opoka.org.pl\/index.php\/legion-maryi\/\" class=\"more-link\">Czytaj dalej<span class=\"screen-reader-text\"> \u201eLegion Maryi\u201d<\/span><\/a><\/p>\n","protected":false},"author":1,"featured_media":0,"parent":0,"menu_order":0,"comment_status":"closed","ping_status":"closed","template":"","meta":[],"_links":{"self":[{"href":"http:\/\/www.mbfatimska.plock.opoka.org.pl\/index.php\/wp-json\/wp\/v2\/pages\/45"}],"collection":[{"href":"http:\/\/www.mbfatimska.plock.opoka.org.pl\/index.php\/wp-json\/wp\/v2\/pages"}],"about":[{"href":"http:\/\/www.mbfatimska.plock.opoka.org.pl\/index.php\/wp-json\/wp\/v2\/types\/page"}],"author":[{"embeddable":true,"href":"http:\/\/www.mbfatimska.plock.opoka.org.pl\/index.php\/wp-json\/wp\/v2\/users\/1"}],"replies":[{"embeddable":true,"href":"http:\/\/www.mbfatimska.plock.opoka.org.pl\/index.php\/wp-json\/wp\/v2\/comments?post=45"}],"version-history":[{"count":6,"href":"http:\/\/www.mbfatimska.plock.opoka.org.pl\/index.php\/wp-json\/wp\/v2\/pages\/45\/revisions"}],"predecessor-version":[{"id":3791,"href":"http:\/\/www.mbfatimska.plock.opoka.org.pl\/index.php\/wp-json\/wp\/v2\/pages\/45\/revisions\/3791"}],"wp:attachment":[{"href":"http:\/\/www.mbfatimska.plock.opoka.org.pl\/index.php\/wp-json\/wp\/v2\/media?parent=45"}],"curies":[{"name":"wp","href":"https:\/\/api.w.org\/{rel}","templated":true}]}}