{"id":42,"date":"2016-05-16T15:48:06","date_gmt":"2016-05-16T13:48:06","guid":{"rendered":"http:\/\/www.mbfatimska.plock.opoka.org.pl\/?page_id=42"},"modified":"2024-07-28T17:29:33","modified_gmt":"2024-07-28T15:29:33","slug":"ministranci","status":"publish","type":"page","link":"http:\/\/www.mbfatimska.plock.opoka.org.pl\/index.php\/ministranci\/","title":{"rendered":"Ministranci"},"content":{"rendered":"<p style=\"text-align: justify;\">Liturgiczna S\u0142u\u017cba O\u0142tarza w parafii Matki Bo\u017cej Fatimskiej w P\u0142ocku liczy 25 cz\u0142onk\u00f3w, w tym 18 ministrant\u00f3w, 7 lektor\u00f3w oraz 2 ceremoniarzy. Nie jest to bardzo liczna grupa, lecz bez w\u0105tpienia wyj\u0105tkowa. Obecnie opiekunem LSO w parafii jest ks. \u0141ukasz Szyma\u0144ski, za\u015b funkcj\u0119 prezesa ministrant\u00f3w pe\u0142ni Jakub Rososi\u0144ski.<\/p>\n<p style=\"text-align: justify;\" align=\"JUSTIFY\">Ka\u017cdy ministrant ma obowi\u0105zek uczestnictwa w niedzielnej Mszy \u015awi\u0119tej oraz dodatkowo w wybranym przez siebie dniu tygodnia. Jest to wa\u017cny obowi\u0105zek, gdy\u017c zacie\u015bnia wi\u0119\u017a z Chrystusem i pomaga w rozwijaniu wiary. Kolejnym elementem formacji s\u0105 tak\u017ce zbi\u00f3rki tygodniowe, kt\u00f3re odbywaj\u0105 si\u0119 w ka\u017cd\u0105 sobot\u0119 o godz. 9.30<strong>.<\/strong> Jest to czas wsp\u00f3lnej modlitwy, nauki (np.: w\u0142a\u015bciwego pos\u0142ugiwania przy O\u0142tarzu), ale tak\u017ce rozrywki. Ka\u017cdy pierwszy pi\u0105tek miesi\u0105ca jest szczeg\u00f3lnym dniem modlitwy za wsp\u00f3lnot\u0119 ministranck\u0105 oraz za rodziny ministrant\u00f3w. W tym dniu taca zebrana podczas Mszy \u015aw. jest przeznaczona na potrzeby wsp\u00f3lnoty.<\/p>\n<p align=\"JUSTIFY\"><a href=\"http:\/\/www.mbfatimska.plock.opoka.org.pl\/wp-content\/uploads\/2019\/10\/ministranci1.jpg\" rel=\"lightbox[42]\"><img loading=\"lazy\" class=\"aligncenter wp-image-1436 size-medium\" src=\"http:\/\/www.mbfatimska.plock.opoka.org.pl\/wp-content\/uploads\/2019\/10\/ministranci1-300x225.jpg\" alt=\"\" width=\"300\" height=\"225\" srcset=\"http:\/\/www.mbfatimska.plock.opoka.org.pl\/wp-content\/uploads\/2019\/10\/ministranci1-300x225.jpg 300w, http:\/\/www.mbfatimska.plock.opoka.org.pl\/wp-content\/uploads\/2019\/10\/ministranci1.jpg 605w\" sizes=\"(max-width: 300px) 85vw, 300px\" \/><\/a><\/p>\n<p align=\"JUSTIFY\"><a href=\"http:\/\/www.mbfatimska.plock.opoka.org.pl\/wp-content\/uploads\/2019\/10\/ministranci2.jpg\" rel=\"lightbox[42]\"><img loading=\"lazy\" class=\"aligncenter wp-image-1437 size-medium\" src=\"http:\/\/www.mbfatimska.plock.opoka.org.pl\/wp-content\/uploads\/2019\/10\/ministranci2-300x225.jpg\" alt=\"\" width=\"300\" height=\"225\" srcset=\"http:\/\/www.mbfatimska.plock.opoka.org.pl\/wp-content\/uploads\/2019\/10\/ministranci2-300x225.jpg 300w, http:\/\/www.mbfatimska.plock.opoka.org.pl\/wp-content\/uploads\/2019\/10\/ministranci2.jpg 605w\" sizes=\"(max-width: 300px) 85vw, 300px\" \/><\/a><\/p>\n<p style=\"text-align: justify;\" align=\"JUSTIFY\">Ministranci Fatimscy wsp\u00f3lnie sp\u0119dzaj\u0105 tak\u017ce wolny czas m.in. poprzez wyj\u015bcia do kina czy na kr\u0119gle. Kilka razy do roku jest organizowany grill integracyjny dla ministrant\u00f3w, scholi oraz ich rodzin. Jest to czas rado\u015bci i zabawy poprzedzony Msz\u0105 \u015awi\u0119t\u0105. W poprzednich latach by\u0142y tak\u017ce organizowane wyjazdy kolonijne w g\u00f3ry (m.in. do Poronina, Murzasichle) oraz nad morze (do Gda\u0144ska).<\/p>\n<p align=\"JUSTIFY\"><a href=\"http:\/\/www.mbfatimska.plock.opoka.org.pl\/wp-content\/uploads\/2019\/10\/ministranci3.jpg\" rel=\"lightbox[42]\"><img loading=\"lazy\" class=\"aligncenter wp-image-1438 size-medium\" src=\"http:\/\/www.mbfatimska.plock.opoka.org.pl\/wp-content\/uploads\/2019\/10\/ministranci3-300x225.jpg\" alt=\"\" width=\"300\" height=\"225\" srcset=\"http:\/\/www.mbfatimska.plock.opoka.org.pl\/wp-content\/uploads\/2019\/10\/ministranci3-300x225.jpg 300w, http:\/\/www.mbfatimska.plock.opoka.org.pl\/wp-content\/uploads\/2019\/10\/ministranci3.jpg 605w\" sizes=\"(max-width: 300px) 85vw, 300px\" \/><\/a><\/p>\n<p align=\"JUSTIFY\"><a href=\"http:\/\/www.mbfatimska.plock.opoka.org.pl\/wp-content\/uploads\/2019\/10\/ministranci4.jpg\" rel=\"lightbox[42]\"><img loading=\"lazy\" class=\"aligncenter wp-image-1439 size-medium\" src=\"http:\/\/www.mbfatimska.plock.opoka.org.pl\/wp-content\/uploads\/2019\/10\/ministranci4-300x225.jpg\" alt=\"\" width=\"300\" height=\"225\" srcset=\"http:\/\/www.mbfatimska.plock.opoka.org.pl\/wp-content\/uploads\/2019\/10\/ministranci4-300x225.jpg 300w, http:\/\/www.mbfatimska.plock.opoka.org.pl\/wp-content\/uploads\/2019\/10\/ministranci4.jpg 605w\" sizes=\"(max-width: 300px) 85vw, 300px\" \/><\/a><\/p>\n<p align=\"JUSTIFY\"><a href=\"http:\/\/www.mbfatimska.plock.opoka.org.pl\/wp-content\/uploads\/2019\/10\/ministranci5.jpg\" rel=\"lightbox[42]\"><img loading=\"lazy\" class=\"aligncenter wp-image-1440 size-medium\" src=\"http:\/\/www.mbfatimska.plock.opoka.org.pl\/wp-content\/uploads\/2019\/10\/ministranci5-300x200.jpg\" alt=\"\" width=\"300\" height=\"200\" srcset=\"http:\/\/www.mbfatimska.plock.opoka.org.pl\/wp-content\/uploads\/2019\/10\/ministranci5-300x200.jpg 300w, http:\/\/www.mbfatimska.plock.opoka.org.pl\/wp-content\/uploads\/2019\/10\/ministranci5.jpg 605w\" sizes=\"(max-width: 300px) 85vw, 300px\" \/><\/a><\/p>\n<p style=\"text-align: justify;\">Wa\u017cnym elementem formacji LSO w parafii MB Fatimskiej jest asysta liturgiczna. Zapewnia opraw\u0119 uroczystych Mszy \u015awi\u0119tych podczas \u015bwi\u0105t oraz uroczysto\u015bci parafialnych. Sk\u0142ada si\u0119 ona ze sta\u0142ej liczby 8 ministrant\u00f3w, kt\u00f3rzy podczas zbi\u00f3rek, a niekiedy tak\u017ce w wolnym czasie szlifuj\u0105 swoje umiej\u0119tno\u015bci. Na uwag\u0119 zas\u0142uguje fakt, \u017ce to w\u0142a\u015bnie ministrancka asysta pos\u0142ugiwa\u0142a podczas uroczysto\u015bci po\u015bwi\u0119cenia Ko\u015bcio\u0142a parafialnego pw. MB Fatimskiej 15 pa\u017adziernika 2017r. By\u0142o to ukoronowanie 26 lat istnienia parafii oraz zwie\u0144czenie etapu budowy parafialnej \u015bwi\u0105tyni.<\/p>\n<p align=\"JUSTIFY\">Ministranci anga\u017cuj\u0105 si\u0119 w \u017cycie parafii. S\u0105 lektorami podczas niedzielnych i \u015bwi\u0105tecznych Mszy \u015awi\u0119tych. Przed \u015bwi\u0119tami rozprowadzaj\u0105 r\u0119cznie robione ozdoby \u015bwi\u0105teczne lub sianko na wigilijny st\u00f3\u0142. Pomagaj\u0105 w udekorowaniu ko\u015bcio\u0142a na Bo\u017ce Narodzenie lub Wielkanoc. Uczestnicz\u0105 tak\u017ce w \u017cyciu diecezji. Tradycj\u0105 jest udzia\u0142 w Diecezjalnej Pielgrzymce Ministrant\u00f3w do Czerwi\u0144ska. Ponadto przedstawiciele ministrant\u00f3w brali udzia\u0142 w II Synodzie M\u0142odych Diecezji P\u0142ockiej.<\/p>\n<p align=\"JUSTIFY\"><a href=\"http:\/\/www.mbfatimska.plock.opoka.org.pl\/wp-content\/uploads\/2019\/10\/ministranci6.jpg\" rel=\"lightbox[42]\"><img loading=\"lazy\" class=\"aligncenter wp-image-1441 size-medium\" src=\"http:\/\/www.mbfatimska.plock.opoka.org.pl\/wp-content\/uploads\/2019\/10\/ministranci6-300x200.jpg\" alt=\"\" width=\"300\" height=\"200\" srcset=\"http:\/\/www.mbfatimska.plock.opoka.org.pl\/wp-content\/uploads\/2019\/10\/ministranci6-300x200.jpg 300w, http:\/\/www.mbfatimska.plock.opoka.org.pl\/wp-content\/uploads\/2019\/10\/ministranci6.jpg 605w\" sizes=\"(max-width: 300px) 85vw, 300px\" \/><\/a><\/p>\n<p style=\"text-align: justify;\">Elementem formacji ministranckiej jest tak\u017ce sport co dobrze wida\u0107 na przyk\u0142adzie LSO z parafii MB Fatimskiej w P\u0142ocku. U\u0142atwia nawi\u0105zywanie kontakt\u00f3w oraz na poznanie swoich mocnych i s\u0142abszych stron. Ministranci po szkole cz\u0119sto spotkaj\u0105 si\u0119 na pobliskim Orliku lub hali sportowej, aby pogra\u0107 w pi\u0142k\u0119 no\u017cn\u0105. Efektem tego s\u0105 wyniki dru\u017cyny osi\u0105gane na turniejach. Od 2016r. Ministranci Fatimscy regularnie wygrywaj\u0105 turniej w pi\u0142k\u0119 no\u017cn\u0105 w dekanacie P\u0142ock-Wsch\u00f3d. W latach 2017 &#8211; 2018 brali udzia\u0142 tak\u017ce w turnieju diecezjalnym w P\u0142o\u0144sku.<\/p>\n<p align=\"JUSTIFY\">Ministranci w parafii MB Fatimskiej w P\u0142ocku dobrze rozumiej\u0105, \u017ce pos\u0142uga przy O\u0142tarzu Pa\u0144skim jest przede wszystkim ogromnym zaszczytem. Nie s\u0105 tylko zwyk\u0142ymi pomocnikami ksi\u0119dza lecz s\u0142ugami samego Chrystusa. Jak wszyscy ministranci na ca\u0142ym \u015bwiecie tak\u017ce oni zajmuj\u0105 wa\u017cne i zaszczytne miejsce w czasie ka\u017cdej liturgii dzi\u0119ki czemu z bliska mog\u0105 do\u015bwiadczy\u0107 obecno\u015bci Pana w ka\u017cdym akcie liturgicznym.<\/p>\n<p style=\"text-align: center; margin: 0cm 0cm 21.0pt 0cm;\" align=\"center\"><span style=\"color: #3b3721;\">Bycie ministrantem to jedna z najlepszych decyzji, jak\u0105 mo\u017ce podj\u0105\u0107 m\u0142ody m\u0119\u017cczyzna.<\/span><\/p>\n<p style=\"margin: 0cm 0cm 21.0pt 0cm;\"><span style=\"color: #3b3721;\">M\u0119stwo nie polega na noszeniu broni, bo m\u0119stwo nie trzyma si\u0119 \u017celaza lecz serca.<br \/>\n(kard. Stefan Wyszy\u0144ski)<\/span><\/p>\n<p style=\"margin: 0cm 0cm 21pt; text-align: justify;\"><span style=\"color: #3b3721;\">S\u0142owo ministrant pochodzi od \u0142aci\u0144skiego czasownika minstrare, co znaczy s\u0142u\u017cy\u0107. Chc\u0105c w\u0142a\u015bciwie kszta\u0142towa\u0107 w\u0142asnego, m\u0119skiego ducha musz\u0119 umie\u0107 s\u0142u\u017cy\u0107, s\u0142u\u017cy\u0107 drugiemu cz\u0142owiekowi a w przysz\u0142o\u015bci \u017conie i dzieciom. M\u0119stwo to cnota moralna, kt\u00f3ra polega na umiej\u0119tno\u015bci podj\u0119cia dobrej decyzji mimo niesprzyjaj\u0105cych uwarunkowa\u0144.<br \/>\nSk\u0105d my, m\u0119\u017cczy\u017ani mamy wiedzie\u0107, jak\u0105 podj\u0105\u0107 decyzj\u0119?<br \/>\nJedynie s\u0142u\u017c\u0105c innym, mo\u017cemy pozna\u0107 ich potrzeby i troski, a dopiero wtedy, posiadaj\u0105c tak\u0105 wiedz\u0119, mo\u017cemy decydowa\u0107 o dobru swoim, kolegi, kole\u017canki, a p\u00f3\u017aniej ma\u0142\u017conki i dzieci. Dzisiejsze cywilizacje cierpi\u0105 na wiele chor\u00f3b, lecz mo\u017cna zaryzykowa\u0107 stwierdzenie, i\u017c g\u0142\u00f3wn\u0105 chorob\u0105 jest brak prawdziwego m\u0119stwa. Nie nauczymy si\u0119 prawdziwego m\u0119stwa, je\u015bli nie b\u0119dziemy umieli w pokorze s\u0142u\u017cy\u0107 Bogu i bli\u017aniemu. Bycie ministrantem i w\u0142a\u015bciwe prze\u017cywanie tej s\u0142u\u017cby (minstrare) jest najlepszym sposobem na przygotowanie siebie do odpowiedzialnego \u017cycia we wsp\u00f3\u0142czesnym \u015bwiecie.<\/span><\/p>\n<p style=\"text-align: justify; margin: 0cm 0cm 21.0pt 0cm;\"><span style=\"color: #3b3721;\">Serdecznie zapraszamy wszystkich ch\u0142opc\u00f3w, kt\u00f3rzy s\u0105 po Pierwszej Komunii \u015awi\u0119tej, do s\u0142u\u017cby Jezusowi jako ministranci. Pos\u0142uga przy o\u0142tarzu jest nie tylko obowi\u0105zkiem, ale i wielkim zaszczytem, prawdziw\u0105 \u015bwi\u0119t\u0105 pos\u0142ug\u0105. Ministrant bowiem zajmuje uprzywilejowane miejsce w czasie ka\u017cdej liturgii. Do\u015bwiadcza z bliska, \u017ce Jezus Chrystus jest obecny i dzia\u0142a w ka\u017cdym akcie liturgicznym. Jest kim\u015b o wiele wi\u0119cej ni\u017c tylko zwyk\u0142ym pomocnikiem ksi\u0119dza. Jest przede wszystkim s\u0142ug\u0105 Jezusa Chrystusa, Odwiecznego i Najwy\u017cszego Kap\u0142ana.<\/span><\/p>\n<p style=\"text-align: justify;\"><b>Drodzy Rodzice!<\/b><br \/>\nKierujemy do Was apel, aby\u015bcie zach\u0119cali i pozwolili Waszym dzieciom przynale\u017ce\u0107 do grona ministrant\u00f3w, o co z reszt\u0105 prosi\u0142 Jezus, m\u00f3wi\u0105c: &#8222;Pozw\u00f3lcie dzieciom przychodzi\u0107 do Mnie, nie przeszkadzajcie im; do takich bowiem nale\u017cy Kr\u00f3lestwo Bo\u017ce&#8230;&#8221; S\u0142u\u017c\u0105cy przy o\u0142tarzu syn potrafi wyprosi\u0107 wiele \u0142ask dla ca\u0142ej Rodziny. Zapisy kandydat\u00f3w w zakrystii. <b>Kr\u00f3luj Nam Chryste !!!<\/b><\/p>\n<p align=\"CENTER\"><span style=\"text-decoration: underline;\"><b>MODLITWY MINISTRANTA:<\/b><\/span><\/p>\n<p align=\"CENTER\"><b>PRZED MSZ\u0104 \u015aWI\u0118T\u0104<\/b><\/p>\n<p align=\"CENTER\">Oto za chwil\u0119 przyst\u0105pi\u0119 do O\u0142tarza Bo\u017cego, do Boga, kt\u00f3ry rozwesela m\u0142odo\u015b\u0107 moj\u0105.<br \/>\nDo \u015bwi\u0119tej przyst\u0119puj\u0119 s\u0142u\u017cby, chc\u0119 j\u0105 dobrze pe\u0142ni\u0107.<br \/>\nProsz\u0119 Ci\u0119, Panie Jezu, o \u0142ask\u0119 skupienia, by my\u015bli moje by\u0142y przy Tobie,<br \/>\nby oczy moje by\u0142y zwr\u00f3cone na o\u0142tarz, a serce moje oddane tylko Tobie. Amen.<\/p>\n<p align=\"CENTER\"><b>PO MSZY \u015aWI\u0118TEJ<\/b><\/p>\n<p align=\"CENTER\">Bo\u017ce, kt\u00f3rego dobro\u0107 powo\u0142a\u0142a mnie do Twojej s\u0142u\u017cby,<br \/>\nspraw, bym u\u015bwi\u0119cony uczestnictwem w Twych tajemnicach<br \/>\nprzez dzie\u0144 dzisiejszy i ca\u0142e me \u017cycie szed\u0142 tylko drog\u0105 zbawienia.<br \/>\nPrzez Chrystusa, Pana naszego. Amen.<\/p>\n<p align=\"CENTER\">&#8212;-<\/p>\n<figure id=\"attachment_1625\" aria-describedby=\"caption-attachment-1625\" style=\"width: 209px\" class=\"wp-caption aligncenter\"><a href=\"http:\/\/www.mbfatimska.plock.opoka.org.pl\/wp-content\/uploads\/2019\/12\/ministranci2019c.jpg\" rel=\"lightbox[42]\"><img loading=\"lazy\" class=\"wp-image-1625 size-medium\" src=\"http:\/\/www.mbfatimska.plock.opoka.org.pl\/wp-content\/uploads\/2019\/12\/ministranci2019c-209x300.jpg\" alt=\"\" width=\"209\" height=\"300\" srcset=\"http:\/\/www.mbfatimska.plock.opoka.org.pl\/wp-content\/uploads\/2019\/12\/ministranci2019c-209x300.jpg 209w, http:\/\/www.mbfatimska.plock.opoka.org.pl\/wp-content\/uploads\/2019\/12\/ministranci2019c.jpg 675w\" sizes=\"(max-width: 209px) 85vw, 209px\" \/><\/a><figcaption id=\"caption-attachment-1625\" class=\"wp-caption-text\">Napisali o nas &#8211; miesi\u0119cznik Kr\u00f3luj Nam Chryste nr 11\/2019<\/figcaption><\/figure>\n<p align=\"CENTER\">&#8212;-<\/p>\n<p style=\"text-align: center;\">Zapraszamy do polubienia i obserwowania facebookowego konta Ministrant\u00f3w Fatimskich, gdzie mo\u017cna znale\u017a\u0107 wi\u0119cej informacji o bie\u017c\u0105cej dzia\u0142alno\u015bci LSO:<\/p>\n<p style=\"text-align: center;\">(<a href=\"https:\/\/www.facebook.com\/ministrancimbfatimska\/\">https:\/\/www.facebook.com\/ministrancimbfatimska\/<\/a>).<\/p>\n","protected":false},"excerpt":{"rendered":"<p>Liturgiczna S\u0142u\u017cba O\u0142tarza w parafii Matki Bo\u017cej Fatimskiej w P\u0142ocku liczy 25 cz\u0142onk\u00f3w, w tym 18 ministrant\u00f3w, 7 lektor\u00f3w oraz 2 ceremoniarzy. Nie jest to bardzo liczna grupa, lecz bez w\u0105tpienia wyj\u0105tkowa. Obecnie opiekunem LSO w parafii jest ks. \u0141ukasz Szyma\u0144ski, za\u015b funkcj\u0119 prezesa ministrant\u00f3w pe\u0142ni Jakub Rososi\u0144ski. Ka\u017cdy ministrant ma obowi\u0105zek uczestnictwa w niedzielnej &hellip; <a href=\"http:\/\/www.mbfatimska.plock.opoka.org.pl\/index.php\/ministranci\/\" class=\"more-link\">Czytaj dalej<span class=\"screen-reader-text\"> \u201eMinistranci\u201d<\/span><\/a><\/p>\n","protected":false},"author":1,"featured_media":0,"parent":0,"menu_order":0,"comment_status":"closed","ping_status":"closed","template":"","meta":[],"_links":{"self":[{"href":"http:\/\/www.mbfatimska.plock.opoka.org.pl\/index.php\/wp-json\/wp\/v2\/pages\/42"}],"collection":[{"href":"http:\/\/www.mbfatimska.plock.opoka.org.pl\/index.php\/wp-json\/wp\/v2\/pages"}],"about":[{"href":"http:\/\/www.mbfatimska.plock.opoka.org.pl\/index.php\/wp-json\/wp\/v2\/types\/page"}],"author":[{"embeddable":true,"href":"http:\/\/www.mbfatimska.plock.opoka.org.pl\/index.php\/wp-json\/wp\/v2\/users\/1"}],"replies":[{"embeddable":true,"href":"http:\/\/www.mbfatimska.plock.opoka.org.pl\/index.php\/wp-json\/wp\/v2\/comments?post=42"}],"version-history":[{"count":8,"href":"http:\/\/www.mbfatimska.plock.opoka.org.pl\/index.php\/wp-json\/wp\/v2\/pages\/42\/revisions"}],"predecessor-version":[{"id":3792,"href":"http:\/\/www.mbfatimska.plock.opoka.org.pl\/index.php\/wp-json\/wp\/v2\/pages\/42\/revisions\/3792"}],"wp:attachment":[{"href":"http:\/\/www.mbfatimska.plock.opoka.org.pl\/index.php\/wp-json\/wp\/v2\/media?parent=42"}],"curies":[{"name":"wp","href":"https:\/\/api.w.org\/{rel}","templated":true}]}}