{"id":166,"date":"2016-06-08T21:43:07","date_gmt":"2016-06-08T19:43:07","guid":{"rendered":"http:\/\/www.mbfatimska.plock.opoka.org.pl\/?page_id=166"},"modified":"2024-07-28T17:41:56","modified_gmt":"2024-07-28T15:41:56","slug":"zywy-rozaniec","status":"publish","type":"page","link":"http:\/\/www.mbfatimska.plock.opoka.org.pl\/index.php\/zywy-rozaniec\/","title":{"rendered":"\u017bywy R\u00f3\u017caniec"},"content":{"rendered":"<p style=\"text-align: justify;\">&#8222;\u017bywy R\u00f3\u017caniec&#8221; jest zorganizowan\u0105 wsp\u00f3lnot\u0105 os\u00f3b, kt\u00f3re modl\u0105 si\u0119 codziennie na r\u00f3\u017ca\u0144cu. Organizacja ta odpowiada kszta\u0142towi samej modlitwy r\u00f3\u017ca\u0144cowej, kt\u00f3ra polega na rozwa\u017caniu 20 tajemnic z \u017cycia Jezusa i Maryi przy jednoczesnym odmawianiu przy ka\u017cdej tajemnicy jednego &#8222;Ojcze nasz&#8221; 10 &#8222;Zdrowa\u015b Maryjo&#8221; i jednego &#8222;Chwa\u0142a Ojcu&#8221;.<\/p>\n<p><img loading=\"lazy\" class=\"aligncenter wp-image-2028 size-full\" src=\"http:\/\/www.mbfatimska.plock.opoka.org.pl\/wp-content\/uploads\/2020\/08\/maryja3c.jpg\" alt=\"\" width=\"200\" height=\"326\" srcset=\"http:\/\/www.mbfatimska.plock.opoka.org.pl\/wp-content\/uploads\/2020\/08\/maryja3c.jpg 200w, http:\/\/www.mbfatimska.plock.opoka.org.pl\/wp-content\/uploads\/2020\/08\/maryja3c-184x300.jpg 184w\" sizes=\"(max-width: 200px) 85vw, 200px\" \/><\/p>\n<p style=\"text-align: justify;\">Ka\u017cda &#8222;\u017bywa R\u00f3\u017ca&#8221; sk\u0142ada si\u0119 z 20 os\u00f3b, a ka\u017cda z nich odmawia codziennie przynajmniej jedn\u0105 tajemnic\u0119 r\u00f3\u017ca\u0144ca. Koniecznie jednak t\u0119, kt\u00f3ra zostaje powierzona do rozwa\u017cania i odmawiania raz w miesi\u0105cu, przy &#8222;zmianie tajemnic&#8221;. Przy tej zmianie, co miesi\u0105c, wszystkim cz\u0142onkom przydziela si\u0119 nowe tajemnice do odmawiania, w taki jednak spos\u00f3b, aby w jednej &#8222;\u017bywej R\u00f3\u017cy&#8221; by\u0142y ka\u017cdego dnia odm\u00f3wione wszystkie tajemnice w sumie dwadzie\u015bcia. Tak wi\u0119c, nawet, gdy poszczeg\u00f3lni cz\u0142onkowie &#8222;\u017bywej R\u00f3\u017cy&#8221; odmawiaj\u0105 dziennie tylko jedn\u0105 tajemnic\u0119, to w ca\u0142ej R\u00f3\u017cy rozwa\u017cany jest ca\u0142y r\u00f3\u017caniec, czyli wszystkie cz\u0119\u015bci i tajemnice.<\/p>\n<p style=\"text-align: justify;\">Bardzo istotne jest r\u00f3wnie\u017c to, \u017ce wszyscy cz\u0142onkowie R\u00f3\u017cy modl\u0105 si\u0119 w tej samej intencji, kt\u00f3ra jest r\u00f3wnie\u017c zmieniana co miesi\u0105c.<\/p>\n<p><img loading=\"lazy\" class=\"aligncenter wp-image-2023 size-full\" src=\"http:\/\/www.mbfatimska.plock.opoka.org.pl\/wp-content\/uploads\/2020\/08\/maryja1c.jpg\" alt=\"\" width=\"226\" height=\"368\" srcset=\"http:\/\/www.mbfatimska.plock.opoka.org.pl\/wp-content\/uploads\/2020\/08\/maryja1c.jpg 226w, http:\/\/www.mbfatimska.plock.opoka.org.pl\/wp-content\/uploads\/2020\/08\/maryja1c-184x300.jpg 184w\" sizes=\"(max-width: 226px) 85vw, 226px\" \/><\/p>\n<p style=\"text-align: justify;\">Cz\u0142onkowie \u017bywego R\u00f3\u017ca\u0144ca mog\u0105 dost\u0105pi\u0107 odpustu zupe\u0142nego, pod zwyk\u0142ymi warunkami, osiem razy w roku, mianowicie:<\/p>\n<ul>\n<li>w dniu przyj\u0119cia do \u017bywego R\u00f3\u017ca\u0144ca,<\/li>\n<li>Narodzenia Pana Jezusa (25 XII),<\/li>\n<li>Ofiarowania Pa\u0144skiego (2 II),<\/li>\n<li>Zwiastowania Naj\u015bwi\u0119tszej Maryi Pannie (25 III),<\/li>\n<li>Zmartwychwstania Pa\u0144skiego (zgodnie z kalendarzem liturgicznym),<\/li>\n<li>Wniebowzi\u0119cia Matki Bo\u017cej (15 VIII),<\/li>\n<li>w \u015bwi\u0119to Kr\u00f3lowej R\u00f3\u017ca\u0144ca \u015bwi\u0119tego 7 pa\u017adziernika.<\/li>\n<li>oraz Niepokalanego Pocz\u0119cia Maryi (8 XII).<\/li>\n<\/ul>\n<p style=\"text-align: justify;\">W naszej Parafii pod wezwaniem Matki Bo\u017cej Fatimskiej istniej\u0105 aktualnie trzy &#8222;\u017bywe R\u00f3\u017ce&#8221;, kt\u00f3rych opiekunem jest ksi\u0105dz.<\/p>\n<p style=\"text-align: justify;\">Cz\u0142onkowie R\u00f3\u017c R\u00f3\u017ca\u0144cowych bior\u0105 czynny udzia\u0142 w \u017cyciu parafii, m.in. poprzez nieustann\u0105 modlitw\u0119 oraz uczestnictwo w nabo\u017ce\u0144stwach r\u00f3\u017ca\u0144cowych i innych ku czi Matki Bo\u017cej. W\u0142\u0105czaj\u0105 si\u0119 te\u017c w codziennie odmawiany r\u00f3\u017caniec przed Msz\u0105 \u015bwi\u0119t\u0105 wieczorn\u0105.<\/p>\n<p style=\"text-align: justify;\">W ostatni\u0105 niedziel\u0119 miesi\u0105ca uczestnicz\u0105 we mszy \u015bwi\u0119tej o godzinie 18:00 odprawianej w intencji R\u00f3\u017c R\u00f3\u017ca\u0144cowych. Przed Msz\u0105 odmawiany jest r\u00f3\u017caniec i dokonywana zmiana tajemnic r\u00f3\u017ca\u0144cowych.<\/p>\n<p style=\"text-align: justify;\">Niekt\u00f3rzy cz\u0142onkowie R\u00f3\u017c R\u00f3\u017ca\u0144cowych anga\u017cuj\u0105 si\u0119 te\u017c w dzia\u0142alno\u015b\u0107 innych grup i wsp\u00f3lnot dzia\u0142aj\u0105cych w naszej parafii.<\/p>\n<p><img loading=\"lazy\" class=\"aligncenter wp-image-2025 size-full\" src=\"http:\/\/www.mbfatimska.plock.opoka.org.pl\/wp-content\/uploads\/2020\/08\/maryja2c.jpg\" alt=\"\" width=\"262\" height=\"428\" srcset=\"http:\/\/www.mbfatimska.plock.opoka.org.pl\/wp-content\/uploads\/2020\/08\/maryja2c.jpg 262w, http:\/\/www.mbfatimska.plock.opoka.org.pl\/wp-content\/uploads\/2020\/08\/maryja2c-184x300.jpg 184w\" sizes=\"(max-width: 262px) 85vw, 262px\" \/><\/p>\n<p style=\"text-align: justify;\">Zach\u0119camy nowe osoby, kt\u00f3re kochaj\u0105 Matk\u0119 Bo\u017c\u0105 i kt\u00f3rym s\u0105 bliskie Jej s\u0142owa wypowiedziane do \u0141ucji &#8222;Chc\u0119&#8230;..\u017ceby\u015b codziennie odmawia\u0142a r\u00f3\u017caniec&#8230;&#8221;, &#8222;Chc\u0119, \u017ceby\u015bcie nadal codziennie odmawiali r\u00f3\u017caniec na cze\u015b\u0107 Matki Bo\u017cej R\u00f3\u017ca\u0144cowej dla uproszenia pokoju na \u015bwiecie i wielu innych \u0142ask&#8230;.&#8221;, do w\u0142\u0105czenia si\u0119 w nasze wsp\u00f3lnotowe, r\u00f3\u017ca\u0144cowe modlitwy, aby ilo\u015b\u0107 &#8222;\u017bywych R\u00f3\u017c&#8221; zwi\u0119kszy\u0142a si\u0119 ku rado\u015bci Maryi.<\/p>\n<p style=\"text-align: justify;\">Nazwa Parafii pod wezwaniem Matki Bo\u017cej Fatimskiej przecie\u017c nas do tego zobowi\u0105zuje.<\/p>\n<p>Zgodnie z wo\u0142aniem Matki Bo\u017cej Fatimskiej: <strong>Odmawiajcie codziennie R\u00f3\u017caniec,<\/strong> odmawiany jest w naszym ko\u015bciele codziennie o godz. 17:10. Serdecznie zapraszamy.<\/p>\n<p><strong>Spotkanie K\u00f3\u0142 R\u00f3\u017ca\u0144cowych<\/strong> odbywa si\u0119 w ostatni\u0105 niedziel\u0119 miesi\u0105ca o godz. 17:15.<\/p>\n<p>Ka\u017cdego 13-tego dnia miesi\u0105ca o godz. 20:00 odprawiamy <strong>nabo\u017ce\u0144stwo ku czci Matki Bo\u017cej Fatimskiej<\/strong> po\u0142\u0105czone z procesj\u0105 w ko\u015bciele z figur\u0105 Matki Bo\u017cej Fatimskiej i lampionami. Mo\u017cemy te\u017c wtedy zapisywa\u0107 w Ksi\u0119dze swoje intencje modlitewne.<\/p>\n<p>W pierwsz\u0105 sobot\u0119 miesi\u0105ca po Mszy \u015awi\u0119tej o godz. 18:00 odprawiamy <strong>nabo\u017ce\u0144stwo wynagradzaj\u0105ce Niepokalanemu Sercu Maryi<\/strong>.<\/p>\n<p>W ka\u017cdy pierwszy wtorek miesi\u0105ca, po Mszy \u015aw. o godz. 18:00 w naszym ko\u015bciele odmawiamy wsp\u00f3lnie R\u00f3\u017caniec w intencji prowadzonych prac, wszystkich ofiarodawc\u00f3w i darczy\u0144c\u00f3w, polecaj\u0105c ich Panu Bogu przez wstawiennictwo Matki Bo\u017cej Fatimskiej.<\/p>\n<p>Na szczeg\u00f3ln\u0105 uwag\u0119 zas\u0142uguje <strong>R\u00f3\u017caniec M\u0119\u017cczyzn<\/strong>. W ka\u017cd\u0105 \u015brod\u0119 o godz. 21:00 w naszym ko\u015bciele spotykaj\u0105 si\u0119 m\u0119\u017cczy\u017ani z P\u0142ocka i okolic, by wsp\u00f3lnie odmawia\u0107 R\u00f3\u017caniec. Serdecznie zapraszamy.<\/p>\n<p><a href=\"http:\/\/www.mbfatimska.plock.opoka.org.pl\/wp-content\/uploads\/2019\/01\/r\u00f3\u017caniec_m\u0119\u017cczyzn.jpg\" rel=\"lightbox[166]\"><img loading=\"lazy\" class=\"aligncenter wp-image-1108 size-medium\" src=\"http:\/\/www.mbfatimska.plock.opoka.org.pl\/wp-content\/uploads\/2019\/01\/r\u00f3\u017caniec_m\u0119\u017cczyzn-300x215.jpg\" alt=\"\" width=\"300\" height=\"215\" srcset=\"http:\/\/www.mbfatimska.plock.opoka.org.pl\/wp-content\/uploads\/2019\/01\/r\u00f3\u017caniec_m\u0119\u017cczyzn-300x215.jpg 300w, http:\/\/www.mbfatimska.plock.opoka.org.pl\/wp-content\/uploads\/2019\/01\/r\u00f3\u017caniec_m\u0119\u017cczyzn-768x550.jpg 768w, http:\/\/www.mbfatimska.plock.opoka.org.pl\/wp-content\/uploads\/2019\/01\/r\u00f3\u017caniec_m\u0119\u017cczyzn.jpg 839w\" sizes=\"(max-width: 300px) 85vw, 300px\" \/><\/a><\/p>\n<p>&nbsp;<\/p>\n<p>&nbsp;<\/p>\n<p>&nbsp;<\/p>\n<p>&nbsp;<\/p>\n","protected":false},"excerpt":{"rendered":"<p>&#8222;\u017bywy R\u00f3\u017caniec&#8221; jest zorganizowan\u0105 wsp\u00f3lnot\u0105 os\u00f3b, kt\u00f3re modl\u0105 si\u0119 codziennie na r\u00f3\u017ca\u0144cu. Organizacja ta odpowiada kszta\u0142towi samej modlitwy r\u00f3\u017ca\u0144cowej, kt\u00f3ra polega na rozwa\u017caniu 20 tajemnic z \u017cycia Jezusa i Maryi przy jednoczesnym odmawianiu przy ka\u017cdej tajemnicy jednego &#8222;Ojcze nasz&#8221; 10 &#8222;Zdrowa\u015b Maryjo&#8221; i jednego &#8222;Chwa\u0142a Ojcu&#8221;. Ka\u017cda &#8222;\u017bywa R\u00f3\u017ca&#8221; sk\u0142ada si\u0119 z 20 os\u00f3b, a &hellip; <a href=\"http:\/\/www.mbfatimska.plock.opoka.org.pl\/index.php\/zywy-rozaniec\/\" class=\"more-link\">Czytaj dalej<span class=\"screen-reader-text\"> \u201e\u017bywy R\u00f3\u017caniec\u201d<\/span><\/a><\/p>\n","protected":false},"author":1,"featured_media":1433,"parent":0,"menu_order":0,"comment_status":"closed","ping_status":"closed","template":"","meta":[],"_links":{"self":[{"href":"http:\/\/www.mbfatimska.plock.opoka.org.pl\/index.php\/wp-json\/wp\/v2\/pages\/166"}],"collection":[{"href":"http:\/\/www.mbfatimska.plock.opoka.org.pl\/index.php\/wp-json\/wp\/v2\/pages"}],"about":[{"href":"http:\/\/www.mbfatimska.plock.opoka.org.pl\/index.php\/wp-json\/wp\/v2\/types\/page"}],"author":[{"embeddable":true,"href":"http:\/\/www.mbfatimska.plock.opoka.org.pl\/index.php\/wp-json\/wp\/v2\/users\/1"}],"replies":[{"embeddable":true,"href":"http:\/\/www.mbfatimska.plock.opoka.org.pl\/index.php\/wp-json\/wp\/v2\/comments?post=166"}],"version-history":[{"count":9,"href":"http:\/\/www.mbfatimska.plock.opoka.org.pl\/index.php\/wp-json\/wp\/v2\/pages\/166\/revisions"}],"predecessor-version":[{"id":3796,"href":"http:\/\/www.mbfatimska.plock.opoka.org.pl\/index.php\/wp-json\/wp\/v2\/pages\/166\/revisions\/3796"}],"wp:featuredmedia":[{"embeddable":true,"href":"http:\/\/www.mbfatimska.plock.opoka.org.pl\/index.php\/wp-json\/wp\/v2\/media\/1433"}],"wp:attachment":[{"href":"http:\/\/www.mbfatimska.plock.opoka.org.pl\/index.php\/wp-json\/wp\/v2\/media?parent=166"}],"curies":[{"name":"wp","href":"https:\/\/api.w.org\/{rel}","templated":true}]}}