{"id":15,"date":"2016-05-16T12:24:33","date_gmt":"2016-05-16T10:24:33","guid":{"rendered":"http:\/\/www.mbfatimska.plock.opoka.org.pl\/?page_id=15"},"modified":"2024-10-06T14:22:00","modified_gmt":"2024-10-06T12:22:00","slug":"porzadek-nabozenstw","status":"publish","type":"page","link":"http:\/\/www.mbfatimska.plock.opoka.org.pl\/index.php\/porzadek-nabozenstw\/","title":{"rendered":"Porz\u0105dek nabo\u017ce\u0144stw"},"content":{"rendered":"<p><strong>I. Msze \u015bw. w niedziel\u0119:<\/strong><\/p>\n<p>8:00 &#8211; Msza \u015bw. dla doros\u0142ych<\/p>\n<p>10:00 &#8211; Msza \u015bw. rodzinna (dla dzieci i rodzic\u00f3w)<\/p>\n<p>12:00 &#8211; SUMA &#8211; Msza \u015bw. dla doros\u0142ych<\/p>\n<p>18:00 &#8211; Msza \u015bw. dla doros\u0142ych<\/p>\n<p>&nbsp;<\/p>\n<p><strong>II. Msze \u015bw. w dni powszednie:<\/strong><\/p>\n<p>godz. 7:00 i 18:00.<\/p>\n<p><strong>SPOWIED\u0179:<\/strong><br \/>\nka\u017cdego dnia, przed i w czasie trwania Mszy \u015aw.<br \/>\nw pierwszy pi\u0105tek miesi\u0105ca od godz. 17:30.<\/p>\n<p><strong>III. Nabo\u017ce\u0144stwa i pos\u0142ugi:<\/strong><\/p>\n<p><span style=\"color: #0000ff;\">Godzinki<\/span> &#8211; w ka\u017cd\u0105 niedziel\u0119 o godz. 7:30.<br \/>\n<span style=\"color: #0000ff;\">Nabo\u017ce\u0144stwo majowe<\/span> &#8211; o godz. 17:30.<br \/>\n<span style=\"color: #0000ff;\">Nabo\u017ce\u0144stwo czerwcowe<\/span> &#8211; po Mszy \u015bw. o godz. 18:00.<br \/>\n<span style=\"color: #0000ff;\">Nabo\u017ce\u0144stwo r\u00f3\u017ca\u0144cowe<\/span> (w pa\u017adzierniku) &#8211; codziennie o godz. 17:15.<\/p>\n<p><span style=\"color: #0000ff;\">Roraty<\/span> w okresie Adwentu &#8211; w \u015brody i soboty o godz. 18:00.<\/p>\n<p><span style=\"color: #0000ff;\">Droga Krzy\u017cowa<\/span> w okresie Wielkiego Postu &#8211; w pi\u0105tki o godz. 16:30 (dla dzieci) i o godz. 17:30 (dla doros\u0142ych i m\u0142odzie\u017cy).<br \/>\n<span style=\"color: #0000ff;\">Gorzkie \u017bale<\/span> w okresie Wielkiego Postu &#8211; w niedziele o godz. 17:30.<\/p>\n<p>W ka\u017cd\u0105 <strong>pierwsz\u0105 niedziel\u0119 miesi\u0105ca<\/strong> po Mszy \u015aw. o godz. <strong>12:00<\/strong> wystawienie Naj\u015bwi\u0119tszego Sakramentu i adoracja.<\/p>\n<p>W ka\u017cd\u0105 <strong>sobot\u0119<\/strong> w godz. <strong>7:30<\/strong> &#8211; <strong>8:15<\/strong> nabo\u017ce\u0144stwo Wsp\u00f3lnoty Krwi Chrystusa z wystawieniem Naj\u015bwi\u0119tszego Sakramentu i adoracj\u0105.<\/p>\n<p>W ka\u017cdy <strong>czwartek<\/strong> po Mszy \u015awi\u0119tej o godz. <strong>18:00<\/strong> wystawienie Naj\u015bwi\u0119tszego Sakramentu i adoracja do godz. <strong>19:00<\/strong>. W pierwszy pi\u0105tek miesi\u0105ca adoracja prowadzona przez Wsp\u00f3lnot\u0119 Odnowy w Duchu \u015awi\u0119tym, trwa do godz. <strong>20:00<\/strong>.<\/p>\n<p>Najwa\u017cniejszy dzie\u0144 dla naszej parafii to <strong>ODPUST PARAFIALNY<\/strong>, kt\u00f3ry obchodzimy <strong>13 pa\u017adziernika<\/strong>. Jest to jednocze\u015bnie rocznica konsekracji ko\u015bcio\u0142a. Msze \u015awi\u0119te w t\u0119 uroczysto\u015b\u0107 odprawiamy o godz. 7:00, 9:00, 16:00 i <strong>18:00 <\/strong>(Suma Odpustowa i procesja z figur\u0105 Matki Bo\u017cej Fatimskiej), a nabo\u017ce\u0144stwo r\u00f3\u017ca\u0144cowe o godz. 17:15.<\/p>\n<p><strong>Wypominkami za zmar\u0142ych<\/strong> modlimy si\u0119 w naszym ko\u015bciele w ka\u017cd\u0105 niedziel\u0119 przed Mszami \u015aw. o godz. 8:00, 10:00 i 12:00. Zapisy na wypominki oraz intencje mszalne przyjmowane s\u0105 w kancelarii parafialnej w godzinach urz\u0119dowania oraz w niedziel\u0119 po ka\u017cdej Mszy \u015awi\u0119tej w zakrystii.<\/p>\n<p>Zgodnie z wo\u0142aniem Matki Bo\u017cej Fatimskiej: &#8222;<strong>Odmawiajcie codziennie R\u00f3\u017caniec&#8221;<\/strong> odmawiany jest w naszym ko\u015bciele codziennie o godz. 17:10. Serdecznie zapraszamy.<\/p>\n<p><strong>Spotkanie K\u00f3\u0142 R\u00f3\u017ca\u0144cowych<\/strong> odbywa si\u0119 w ostatni\u0105 niedziel\u0119 miesi\u0105ca o godz. 17:15.<\/p>\n<p>Ka\u017cdego 13-tego dnia miesi\u0105ca o godz. 20:00 odprawiamy <strong>nabo\u017ce\u0144stwo ku czci Matki Bo\u017cej Fatimskiej<\/strong> po\u0142\u0105czone z procesj\u0105 w ko\u015bciele z figur\u0105 Matki Bo\u017cej Fatimskiej i lampionami. Mo\u017cemy te\u017c wtedy zapisywa\u0107 w Ksi\u0119dze swoje intencje modlitewne.<\/p>\n<p>W pierwsz\u0105 sobot\u0119 miesi\u0105ca po Mszy \u015awi\u0119tej o godz. 18:00 odprawiamy <strong>nabo\u017ce\u0144stwo wynagradzaj\u0105ce Niepokalanemu Sercu Maryi<\/strong>.<\/p>\n<p>W ka\u017cdy pierwszy wtorek miesi\u0105ca, po Mszy \u015aw. o godz. 18:00 w naszym ko\u015bciele odmawiamy wsp\u00f3lnie R\u00f3\u017caniec w intencji prowadzonych prac, wszystkich ofiarodawc\u00f3w i darczy\u0144c\u00f3w, polecaj\u0105c ich Panu Bogu przez wstawiennictwo Matki Bo\u017cej Fatimskiej.<\/p>\n<p>Na szczeg\u00f3ln\u0105 uwag\u0119 zas\u0142uguje <strong>R\u00f3\u017caniec M\u0119\u017cczyzn<\/strong>. W ka\u017cd\u0105 \u015brod\u0119 o godz. 21:00 w naszym ko\u015bciele spotykaj\u0105 si\u0119 m\u0119\u017cczy\u017ani z P\u0142ocka i okolic, by wsp\u00f3lnie odmawia\u0107 R\u00f3\u017caniec. Serdecznie zapraszamy.<\/p>\n<p><a href=\"http:\/\/www.mbfatimska.plock.opoka.org.pl\/wp-content\/uploads\/2019\/01\/r\u00f3\u017caniec_m\u0119\u017cczyzn.jpg\" rel=\"lightbox[15]\"><img loading=\"lazy\" class=\"aligncenter wp-image-1108 size-medium\" src=\"http:\/\/www.mbfatimska.plock.opoka.org.pl\/wp-content\/uploads\/2019\/01\/r\u00f3\u017caniec_m\u0119\u017cczyzn-300x215.jpg\" alt=\"\" width=\"300\" height=\"215\" srcset=\"http:\/\/www.mbfatimska.plock.opoka.org.pl\/wp-content\/uploads\/2019\/01\/r\u00f3\u017caniec_m\u0119\u017cczyzn-300x215.jpg 300w, http:\/\/www.mbfatimska.plock.opoka.org.pl\/wp-content\/uploads\/2019\/01\/r\u00f3\u017caniec_m\u0119\u017cczyzn-768x550.jpg 768w, http:\/\/www.mbfatimska.plock.opoka.org.pl\/wp-content\/uploads\/2019\/01\/r\u00f3\u017caniec_m\u0119\u017cczyzn.jpg 839w\" sizes=\"(max-width: 300px) 85vw, 300px\" \/><\/a><\/p>\n<p style=\"text-align: center;\">\n","protected":false},"excerpt":{"rendered":"<p>I. Msze \u015bw. w niedziel\u0119: 8:00 &#8211; Msza \u015bw. dla doros\u0142ych 10:00 &#8211; Msza \u015bw. rodzinna (dla dzieci i rodzic\u00f3w) 12:00 &#8211; SUMA &#8211; Msza \u015bw. dla doros\u0142ych 18:00 &#8211; Msza \u015bw. dla doros\u0142ych &nbsp; II. Msze \u015bw. w dni powszednie: godz. 7:00 i 18:00. SPOWIED\u0179: ka\u017cdego dnia, przed i w czasie trwania Mszy \u015aw. &hellip; <a href=\"http:\/\/www.mbfatimska.plock.opoka.org.pl\/index.php\/porzadek-nabozenstw\/\" class=\"more-link\">Czytaj dalej<span class=\"screen-reader-text\"> \u201ePorz\u0105dek nabo\u017ce\u0144stw\u201d<\/span><\/a><\/p>\n","protected":false},"author":1,"featured_media":0,"parent":0,"menu_order":0,"comment_status":"closed","ping_status":"closed","template":"","meta":[],"_links":{"self":[{"href":"http:\/\/www.mbfatimska.plock.opoka.org.pl\/index.php\/wp-json\/wp\/v2\/pages\/15"}],"collection":[{"href":"http:\/\/www.mbfatimska.plock.opoka.org.pl\/index.php\/wp-json\/wp\/v2\/pages"}],"about":[{"href":"http:\/\/www.mbfatimska.plock.opoka.org.pl\/index.php\/wp-json\/wp\/v2\/types\/page"}],"author":[{"embeddable":true,"href":"http:\/\/www.mbfatimska.plock.opoka.org.pl\/index.php\/wp-json\/wp\/v2\/users\/1"}],"replies":[{"embeddable":true,"href":"http:\/\/www.mbfatimska.plock.opoka.org.pl\/index.php\/wp-json\/wp\/v2\/comments?post=15"}],"version-history":[{"count":11,"href":"http:\/\/www.mbfatimska.plock.opoka.org.pl\/index.php\/wp-json\/wp\/v2\/pages\/15\/revisions"}],"predecessor-version":[{"id":3838,"href":"http:\/\/www.mbfatimska.plock.opoka.org.pl\/index.php\/wp-json\/wp\/v2\/pages\/15\/revisions\/3838"}],"wp:attachment":[{"href":"http:\/\/www.mbfatimska.plock.opoka.org.pl\/index.php\/wp-json\/wp\/v2\/media?parent=15"}],"curies":[{"name":"wp","href":"https:\/\/api.w.org\/{rel}","templated":true}]}}