{"id":1479,"date":"2019-10-06T20:47:46","date_gmt":"2019-10-06T18:47:46","guid":{"rendered":"http:\/\/www.mbfatimska.plock.opoka.org.pl\/?page_id=1479"},"modified":"2019-10-06T21:19:20","modified_gmt":"2019-10-06T19:19:20","slug":"malzenstwo","status":"publish","type":"page","link":"http:\/\/www.mbfatimska.plock.opoka.org.pl\/index.php\/malzenstwo\/","title":{"rendered":"Ma\u0142\u017ce\u0144stwo"},"content":{"rendered":"<p><strong>Sakrament Ma\u0142\u017ce\u0144stwa<\/strong><\/p>\n<p><img loading=\"lazy\" class=\"aligncenter size-medium wp-image-1490\" src=\"http:\/\/www.mbfatimska.plock.opoka.org.pl\/wp-content\/uploads\/2019\/10\/ma\u0142\u017ce\u0144stwo-300x261.jpg\" alt=\"\" width=\"300\" height=\"261\" srcset=\"http:\/\/www.mbfatimska.plock.opoka.org.pl\/wp-content\/uploads\/2019\/10\/ma\u0142\u017ce\u0144stwo-300x261.jpg 300w, http:\/\/www.mbfatimska.plock.opoka.org.pl\/wp-content\/uploads\/2019\/10\/ma\u0142\u017ce\u0144stwo.jpg 658w\" sizes=\"(max-width: 300px) 85vw, 300px\" \/><\/p>\n<p>Kandydaci do ma\u0142\u017ce\u0144stwa powinni zg\u0142osi\u0107 si\u0119 do kancelarii parafialnej, celem za\u0142atwienia formalno\u015bci zwi\u0105zanych z planowanym ma\u0142\u017ce\u0144stwem, na 3 ? 4 miesi\u0105ce przed planowan\u0105 dat\u0105 \u015blubu. Sam termin \u015blubu mo\u017cna zarezerwowa\u0107 wcze\u015bniej.<\/p>\n<p>Je\u015bli pragn\u0105 zawrze\u0107 \u015blub konkordatowy, to:<\/p>\n<ol>\n<li>Wcze\u015bniej ustalaj\u0105 dat\u0119 \u015blubu w kancelarii parafialnej, nast\u0119pnie udaj\u0105 si\u0119 do Urz\u0119du Stanu Cywilnego celem otrzymania wymaganego dokumentu w 3 egzemplarzach, kt\u00f3re p\u00f3\u017aniej przedk\u0142adaj\u0105 w kancelarii parafialnej, gdzie spisuj\u0105 protok\u00f3\u0142.<\/li>\n<li>Dostarczaj\u0105 \u015bwiadectwa Chrztu \u015bw. najnowszej daty (najstarsze: 3 miesi\u0105ce od daty wystawienia) i \u015bwiadectwa bierzmowania.<\/li>\n<li>Dostarczaj\u0105 dyplom uko\u0144czenia kursu przedma\u0142\u017ce\u0144skiego. Kandydaci, kt\u00f3rzy nie maj\u0105 takiego dyplomu zobowi\u0105zani s\u0105 do uko\u0144czenia kursu przedma\u0142\u017ce\u0144skiego.<\/li>\n<\/ol>\n<p>Strona www:\u00a0<a href=\"http:\/\/cpp-metanoia.com\/oferta\/spotkania-dla-narzeczonych\/\">CPP METANOIA ? Spotkania dla narzeczonych<\/a><\/p>\n<p>Je\u017celi kandydaci zawarli ju\u017c ma\u0142\u017ce\u0144stwo w Urz\u0119dzie Stanu Cywilnego, wtedy okazuj\u0105 stosowny dokument z tego urz\u0119du. Wdowcy lub wdowy dodatkowo dostarczaj\u0105 \u015bwiadectwo \u015bmierci ma\u0142\u017conka.<\/p>\n<p>Ma\u0142\u017ce\u0144stwo zawierane jest w czasie Mszy \u015bw. lub poza ni\u0105. Termin ustala si\u0119 z ksi\u0119dzem w kancelarii parafialnej. Je\u015bli ma\u0142\u017ce\u0144stwo zawierane jest poza Msz\u0105 \u015bw., wtedy wypada, aby m\u0142odzi ma\u0142\u017conkowie zam\u00f3wili Msz\u0119 \u015bw. w swojej intencji w innym terminie.<\/p>\n<p>Strona www:\u00a0<a href=\"http:\/\/cpp-metanoia.com\/aktualnosci\/artykuly\/instrukcja-o-przygotowaniu-do-malzenstwa-i-zycia-rodzinnego-w-diecezji-plockiej\/\">CPP METANOIA ? Instrukcja o przygotowaniu do ma\u0142\u017ce\u0144stwa i \u017cycia rodzinnego w diecezji p\u0142ockiej<\/a><\/p>\n<p>Narzeczeni mog\u0105 we w\u0142asnym zakresie przystroi\u0107 ko\u015bci\u00f3\u0142 do uroczysto\u015bci zawarcia Sakramentu Ma\u0142\u017ce\u0144stwa. Nale\u017cy jednak pami\u0119ta\u0107, \u017ce dekoracja musi odpowiada\u0107 wymogom liturgii i \u015bwi\u0119to\u015bci miejsca.<\/p>\n<p style=\"text-align: center;\"><span style=\"color: #ff0000;\"><strong>Bardzo prosimy Rodzin\u0119 nowo\u017ce\u0144c\u00f3w oraz wszystkich zaproszonych Go\u015bci<br \/>\no niekorzystanie z wystrza\u0142owego konfetti.<\/strong><\/span><\/p>\n<figure id=\"attachment_1319\" aria-describedby=\"caption-attachment-1319\" style=\"width: 225px\" class=\"wp-caption aligncenter\"><a href=\"http:\/\/www.mbfatimska.plock.opoka.org.pl\/wp-content\/uploads\/2019\/06\/confetti2019.jpg\" rel=\"lightbox[1479]\"><img loading=\"lazy\" class=\"wp-image-1319 size-medium\" src=\"http:\/\/www.mbfatimska.plock.opoka.org.pl\/wp-content\/uploads\/2019\/06\/confetti2019-225x300.jpg\" alt=\"\" width=\"225\" height=\"300\" srcset=\"http:\/\/www.mbfatimska.plock.opoka.org.pl\/wp-content\/uploads\/2019\/06\/confetti2019-225x300.jpg 225w, http:\/\/www.mbfatimska.plock.opoka.org.pl\/wp-content\/uploads\/2019\/06\/confetti2019.jpg 490w\" sizes=\"(max-width: 225px) 85vw, 225px\" \/><\/a><figcaption id=\"caption-attachment-1319\" class=\"wp-caption-text\">Teren Ko\u015bcio\u0142a po jednym ze \u015blub\u00f3w.<\/figcaption><\/figure>\n<p style=\"text-align: justify;\">Pami\u0119tajmy, \u017ce ko\u015bci\u00f3\u0142 i teren wok\u00f3\u0142 niego s\u0105 miejscami po\u015bwi\u0119conymi Bogu i nale\u017cy zachowa\u0107 szacunek do miejsca \u015bwi\u0119tego. Ju\u017c teraz prosimy o przekazanie tej informacji Rodzinie i Go\u015bciom.<\/p>\n<p><strong>Alternatyw\u0105 wystrza\u0142owego konfetti mog\u0105 by\u0107 rzucone drobne pieni\u0105dze, kt\u00f3re M\u0142oda Para z ch\u0119ci\u0105 pozbiera na now\u0105 drog\u0119 \u017cycia; mo\u017ce by\u0107 r\u00f3wnie\u017c ry\u017c, kt\u00f3ry ch\u0119tnie wydziobi\u0105 g\u0142odne ptaki; a tak\u017ce maszynowe ba\u0144ki mydlane lub naturalne p\u0142atki kwiat\u00f3w.<\/strong><\/p>\n<p style=\"text-align: justify;\"><a href=\"http:\/\/www.plockierodziny.pl\/narzeczeni\/mobilni-narzeczeni\" target=\"_blank\" rel=\"noopener\">Mobilni Narzeczeni<\/a> &#8211; darmowa aplikacja na smartphony opracowana przez Duszpasterstwo Rodzin Diecezji P\u0142ockiej.<\/p>\n","protected":false},"excerpt":{"rendered":"<p>Sakrament Ma\u0142\u017ce\u0144stwa Kandydaci do ma\u0142\u017ce\u0144stwa powinni zg\u0142osi\u0107 si\u0119 do kancelarii parafialnej, celem za\u0142atwienia formalno\u015bci zwi\u0105zanych z planowanym ma\u0142\u017ce\u0144stwem, na 3 ? 4 miesi\u0105ce przed planowan\u0105 dat\u0105 \u015blubu. Sam termin \u015blubu mo\u017cna zarezerwowa\u0107 wcze\u015bniej. Je\u015bli pragn\u0105 zawrze\u0107 \u015blub konkordatowy, to: Wcze\u015bniej ustalaj\u0105 dat\u0119 \u015blubu w kancelarii parafialnej, nast\u0119pnie udaj\u0105 si\u0119 do Urz\u0119du Stanu Cywilnego celem otrzymania &hellip; <a href=\"http:\/\/www.mbfatimska.plock.opoka.org.pl\/index.php\/malzenstwo\/\" class=\"more-link\">Czytaj dalej<span class=\"screen-reader-text\"> \u201eMa\u0142\u017ce\u0144stwo\u201d<\/span><\/a><\/p>\n","protected":false},"author":1,"featured_media":0,"parent":0,"menu_order":0,"comment_status":"closed","ping_status":"closed","template":"","meta":[],"_links":{"self":[{"href":"http:\/\/www.mbfatimska.plock.opoka.org.pl\/index.php\/wp-json\/wp\/v2\/pages\/1479"}],"collection":[{"href":"http:\/\/www.mbfatimska.plock.opoka.org.pl\/index.php\/wp-json\/wp\/v2\/pages"}],"about":[{"href":"http:\/\/www.mbfatimska.plock.opoka.org.pl\/index.php\/wp-json\/wp\/v2\/types\/page"}],"author":[{"embeddable":true,"href":"http:\/\/www.mbfatimska.plock.opoka.org.pl\/index.php\/wp-json\/wp\/v2\/users\/1"}],"replies":[{"embeddable":true,"href":"http:\/\/www.mbfatimska.plock.opoka.org.pl\/index.php\/wp-json\/wp\/v2\/comments?post=1479"}],"version-history":[{"count":2,"href":"http:\/\/www.mbfatimska.plock.opoka.org.pl\/index.php\/wp-json\/wp\/v2\/pages\/1479\/revisions"}],"predecessor-version":[{"id":1497,"href":"http:\/\/www.mbfatimska.plock.opoka.org.pl\/index.php\/wp-json\/wp\/v2\/pages\/1479\/revisions\/1497"}],"wp:attachment":[{"href":"http:\/\/www.mbfatimska.plock.opoka.org.pl\/index.php\/wp-json\/wp\/v2\/media?parent=1479"}],"curies":[{"name":"wp","href":"https:\/\/api.w.org\/{rel}","templated":true}]}}