{"id":1476,"date":"2019-10-06T20:39:21","date_gmt":"2019-10-06T18:39:21","guid":{"rendered":"http:\/\/www.mbfatimska.plock.opoka.org.pl\/?page_id=1476"},"modified":"2019-10-06T20:39:21","modified_gmt":"2019-10-06T18:39:21","slug":"kaplanstwo","status":"publish","type":"page","link":"http:\/\/www.mbfatimska.plock.opoka.org.pl\/index.php\/kaplanstwo\/","title":{"rendered":"Kap\u0142a\u0144stwo"},"content":{"rendered":"<p><strong>Sakrament Kap\u0142a\u0144stwa<\/strong><\/p>\n<p style=\"text-align: justify;\">Kap\u0142a\u0144stwo jest sakramentem, dzi\u0119ki kt\u00f3remu pos\u0142anie, powierzone przez Jezusa Chrystusa Aposto\u0142om, nadal jest spe\u0142nianie w Ko\u015bciele a\u017c do ko\u0144ca czas\u00f3w. Jest to wi\u0119c sakrament pos\u0142ugi apostolskiej. Obejmuje on trzy stopnie: episkopat, prezbiterat i diakonat. Kap\u0142a\u0144stwo urz\u0119dowe r\u00f3\u017cni si\u0119 od kap\u0142a\u0144stwa powszechnego wiernych, poniewa\u017c udziela \u015bwi\u0119tej w\u0142adzy w s\u0142u\u017cbie wiernym. Pe\u0142ni\u0105cy urz\u0105d \u015bwi\u0119ce\u0144 wykonuj\u0105 swoja pos\u0142ug\u0119 wobec Ludu Bo\u017cego przez nauczanie, kult Bo\u017cy i rz\u0105dy pasterskie.<\/p>\n<p style=\"text-align: justify;\">Sakrament \u015bwi\u0119ce\u0144 udzielany jest przez w\u0142o\u017cenie r\u0105k, kt\u00f3remu towarzyszy uroczysta modlitwa konsekracyjna. Prosi si\u0119 w niej Boga, by otrzymuj\u0105cemu \u015bwi\u0119cenia udzieli\u0142 \u0142ask Ducha \u015awi\u0119tego, potrzebnych dla jego pos\u0142ug. \u015awi\u0119cenia wyciskaj\u0105 niezatarty charakter sakramentalny.<\/p>\n<p style=\"text-align: justify;\">Ko\u015bci\u00f3\u0142 udziela sakramentu kap\u0142a\u0144stwa tylko m\u0119\u017cczyznom ochrzczonym, kt\u00f3rych zdolno\u015bci do wykonywania tej pos\u0142ugi zosta\u0142y starannie rozeznane. Odpowiedzialno\u015b\u0107 i prawo dopuszczenia kogo\u015b do przyj\u0119cia sakramentu \u015bwi\u0119ce\u0144 przys\u0142uguje w\u0142adzy ko\u015bcielnej.<\/p>\n<p>Do kap\u0142a\u0144stwa w naszej Diecezji przygotowuje <a href=\"http:\/\/wsdplock.pl\/\">Wy\u017csze Seminarium Duchowne\u00a0 w P\u0142ocku<\/a>.<\/p>\n<p>&nbsp;<\/p>\n<p><strong><u>Ksi\u0119\u017ca pochodz\u0105cy z naszej parafii:<\/u><\/strong><\/p>\n<ol>\n<li>Arkadiusz Piotrowski ? Salezjanin ? \u015bwi\u0119cenia kap\u0142a\u0144skie w 2000r.<\/li>\n<li>Artur Janicki ? \u015bwi\u0119cenia kap\u0142a\u0144skie w 2001r.<\/li>\n<li>Sebastian Krupniewski ? \u015bwi\u0119cenia kap\u0142a\u0144skie w 2002r.<\/li>\n<li>Grzegorz Je\u017cewski ? Salezjanin ? \u015bwi\u0119cenia kap\u0142a\u0144skie w 2002r.<\/li>\n<li>Andrzej Janicki ? \u015bwi\u0119cenia kap\u0142a\u0144skie w 2004r.<\/li>\n<\/ol>\n","protected":false},"excerpt":{"rendered":"<p>Sakrament Kap\u0142a\u0144stwa Kap\u0142a\u0144stwo jest sakramentem, dzi\u0119ki kt\u00f3remu pos\u0142anie, powierzone przez Jezusa Chrystusa Aposto\u0142om, nadal jest spe\u0142nianie w Ko\u015bciele a\u017c do ko\u0144ca czas\u00f3w. Jest to wi\u0119c sakrament pos\u0142ugi apostolskiej. Obejmuje on trzy stopnie: episkopat, prezbiterat i diakonat. Kap\u0142a\u0144stwo urz\u0119dowe r\u00f3\u017cni si\u0119 od kap\u0142a\u0144stwa powszechnego wiernych, poniewa\u017c udziela \u015bwi\u0119tej w\u0142adzy w s\u0142u\u017cbie wiernym. Pe\u0142ni\u0105cy urz\u0105d \u015bwi\u0119ce\u0144 wykonuj\u0105 &hellip; <a href=\"http:\/\/www.mbfatimska.plock.opoka.org.pl\/index.php\/kaplanstwo\/\" class=\"more-link\">Czytaj dalej<span class=\"screen-reader-text\"> \u201eKap\u0142a\u0144stwo\u201d<\/span><\/a><\/p>\n","protected":false},"author":1,"featured_media":0,"parent":0,"menu_order":0,"comment_status":"closed","ping_status":"closed","template":"","meta":[],"_links":{"self":[{"href":"http:\/\/www.mbfatimska.plock.opoka.org.pl\/index.php\/wp-json\/wp\/v2\/pages\/1476"}],"collection":[{"href":"http:\/\/www.mbfatimska.plock.opoka.org.pl\/index.php\/wp-json\/wp\/v2\/pages"}],"about":[{"href":"http:\/\/www.mbfatimska.plock.opoka.org.pl\/index.php\/wp-json\/wp\/v2\/types\/page"}],"author":[{"embeddable":true,"href":"http:\/\/www.mbfatimska.plock.opoka.org.pl\/index.php\/wp-json\/wp\/v2\/users\/1"}],"replies":[{"embeddable":true,"href":"http:\/\/www.mbfatimska.plock.opoka.org.pl\/index.php\/wp-json\/wp\/v2\/comments?post=1476"}],"version-history":[{"count":1,"href":"http:\/\/www.mbfatimska.plock.opoka.org.pl\/index.php\/wp-json\/wp\/v2\/pages\/1476\/revisions"}],"predecessor-version":[{"id":1477,"href":"http:\/\/www.mbfatimska.plock.opoka.org.pl\/index.php\/wp-json\/wp\/v2\/pages\/1476\/revisions\/1477"}],"wp:attachment":[{"href":"http:\/\/www.mbfatimska.plock.opoka.org.pl\/index.php\/wp-json\/wp\/v2\/media?parent=1476"}],"curies":[{"name":"wp","href":"https:\/\/api.w.org\/{rel}","templated":true}]}}